{"id":3289,"date":"2021-12-13T11:25:39","date_gmt":"2021-12-13T11:25:39","guid":{"rendered":"https:\/\/pharmcare.pt\/wordpress\/?post_type=product&#038;p=3289"},"modified":"2024-06-21T22:24:17","modified_gmt":"2024-06-21T22:24:17","slug":"intervencao-farmaceutica-na-dor-menstrual","status":"publish","type":"product","link":"https:\/\/pharmcare.pt\/wordpress\/produto\/intervencao-farmaceutica-na-dor-menstrual\/","title":{"rendered":"Interven\u00e7\u00e3o Farmac\u00eautica na Dor Menstrual"},"content":{"rendered":"<p>Estima-se que entre 50 a 90% das mulheres sofrem de alguma dor quando est\u00e3o menstruadas.<br \/>\nA Dor Menstrual ou Dismenorreia \u00e9 perfeitamente normal e geralmente sentida na parte inferior do abd\u00f3men e ocasionalmente na parte inferior das costas e nas coxas. A dor geralmente come\u00e7a por volta do in\u00edcio da ocorr\u00eancia do sangramento menstrual ou umas horas antes. Habitualmente dura cerca de um ou dois dias, embora possa prolongar-se por mais alguns dias. A dor \u00e9 tolerada por muitas mulheres, mas por vezes \u00e9 t\u00e3o intensa que as impede de ir \u00e0 escola ou de trabalhar. A dor ocorre como resultado da contra\u00e7\u00e3o do \u00fatero para remover o revestimento de que j\u00e1 n\u00e3o necessita. A liberta\u00e7\u00e3o de prostaglandinas provoca dor e estas est\u00e3o envolvidas na contra\u00e7\u00e3o uterina. A atividade designada por Interven\u00e7\u00e3o Farmac\u00eautica na Dor Menstrual pretende fazer uma atualiza\u00e7\u00e3o de conhecimentos sobre a dismenorreia, os tipos e o tratamento da dismenorreia prim\u00e1ria, nomeadamente fazendo uma atualiza\u00e7\u00e3o sobre os AINE.<br \/>\nPretende aplicar estes conceitos e conhecimentos ao dia a dia da Farm\u00e1cia Comunit\u00e1ria atrav\u00e9s da apresenta\u00e7\u00e3o e resolu\u00e7\u00e3o de casos cl\u00ednicos de indica\u00e7\u00e3o farmac\u00eautica, uma vez que o farmac\u00eautico pode desempenhar duas fun\u00e7\u00f5es muito importantes: tratar a dismenorreia prim\u00e1ria e encaminhar ao m\u00e9dico as suspeitas de dismenorreia secund\u00e1ria.<br \/>\nDeste modo, no \u00e2mbito da parceria Instituto Pharmcare &#8211; Zambon \u00ae, a sess\u00e3o intitulada Interven\u00e7\u00e3o Farmac\u00eautica na Dor Menstrual \u00e9 dirigida aos farmac\u00eauticos e outros profissionais de farm\u00e1cia que pretendam atualizar os seus conhecimentos nesta \u00e1rea.<br \/>\nBoa Forma\u00e7\u00e3o!<\/p>\n","protected":false},"excerpt":{"rendered":"<p><font color=\"#6e2370\"><b id=\"yui_3_17_2_1_1637935297976_1579\">Formadores:\u00a0<\/b><\/font> Dra. Paula Igl\u00e9sias<br \/>\n<font color=\"#6e2370\"><b>Destinat\u00e1rios:<\/b><\/font> Farmac\u00eauticos, T\u00e9cnicos de Farm\u00e1cia e Estagi\u00e1rios do Mestrado Integrado em Ci\u00eancias Farmac\u00eauticas<br \/>\n<b id=\"yui_3_17_2_1_1637935297976_1534\"><\/b><font color=\"#6e2370\"><b>Datas:<\/b><\/font> Dispon\u00edvel online<br \/>\n<font color=\"#6e2370\"><b>Cr\u00e9ditos:<\/b><\/font> 0,30 CDP<br \/>\n<font color=\"#6e2370\"><b id=\"yui_3_17_2_1_1637935297976_1556\">Inscri\u00e7\u00e3o:<\/b>\u00a0<\/font> Gratuita<\/p>\n","protected":false},"featured_media":1884,"comment_status":"open","ping_status":"closed","template":"","meta":{"site-sidebar-layout":"default","site-content-layout":"default","ast-site-content-layout":"","site-content-style":"default","site-sidebar-style":"default","ast-global-header-display":"","ast-banner-title-visibility":"","ast-main-header-display":"","ast-hfb-above-header-display":"","ast-hfb-below-header-display":"","ast-hfb-mobile-header-display":"","site-post-title":"","ast-breadcrumbs-content":"","ast-featured-img":"","footer-sml-layout":"","theme-transparent-header-meta":"default","adv-header-id-meta":"","stick-header-meta":"default","header-above-stick-meta":"","header-main-stick-meta":"","header-below-stick-meta":"","astra-migrate-meta-layouts":"default","ast-page-background-enabled":"default","ast-page-background-meta":{"desktop":{"background-color":"","background-image":"","background-repeat":"repeat","background-position":"center center","background-size":"auto","background-attachment":"scroll","background-type":"","background-media":"","overlay-type":"","overlay-color":"","overlay-opacity":"","overlay-gradient":""},"tablet":{"background-color":"","background-image":"","background-repeat":"repeat","background-position":"center center","background-size":"auto","background-attachment":"scroll","background-type":"","background-media":"","overlay-type":"","overlay-color":"","overlay-opacity":"","overlay-gradient":""},"mobile":{"background-color":"","background-image":"","background-repeat":"repeat","background-position":"center center","background-size":"auto","background-attachment":"scroll","background-type":"","background-media":"","overlay-type":"","overlay-color":"","overlay-opacity":"","overlay-gradient":""}},"ast-content-background-meta":{"desktop":{"background-color":"var(--ast-global-color-5)","background-image":"","background-repeat":"repeat","background-position":"center center","background-size":"auto","background-attachment":"scroll","background-type":"","background-media":"","overlay-type":"","overlay-color":"","overlay-opacity":"","overlay-gradient":""},"tablet":{"background-color":"var(--ast-global-color-5)","background-image":"","background-repeat":"repeat","background-position":"center center","background-size":"auto","background-attachment":"scroll","background-type":"","background-media":"","overlay-type":"","overlay-color":"","overlay-opacity":"","overlay-gradient":""},"mobile":{"background-color":"var(--ast-global-color-5)","background-image":"","background-repeat":"repeat","background-position":"center center","background-size":"auto","background-attachment":"scroll","background-type":"","background-media":"","overlay-type":"","overlay-color":"","overlay-opacity":"","overlay-gradient":""}}},"product_brand":[],"product_cat":[84,184],"product_tag":[188,157,185,187],"class_list":{"0":"post-3289","1":"product","2":"type-product","3":"status-publish","4":"has-post-thumbnail","6":"product_cat-cursos","7":"product_cat-zambon","8":"product_tag-dormenstrual","9":"product_tag-dra-paulaiglesias","10":"product_tag-intervencaofarmaceutica","11":"product_tag-zambon","12":"desktop-align-left","13":"tablet-align-left","14":"mobile-align-left","15":"ast-product-gallery-layout-horizontal-slider","16":"ast-product-gallery-with-no-image","17":"ast-product-tabs-layout-horizontal","19":"first","20":"instock","21":"shipping-taxable","22":"product-type-external"},"aioseo_notices":[],"_links":{"self":[{"href":"https:\/\/pharmcare.pt\/wordpress\/wp-json\/wp\/v2\/product\/3289","targetHints":{"allow":["GET"]}}],"collection":[{"href":"https:\/\/pharmcare.pt\/wordpress\/wp-json\/wp\/v2\/product"}],"about":[{"href":"https:\/\/pharmcare.pt\/wordpress\/wp-json\/wp\/v2\/types\/product"}],"replies":[{"embeddable":true,"href":"https:\/\/pharmcare.pt\/wordpress\/wp-json\/wp\/v2\/comments?post=3289"}],"version-history":[{"count":3,"href":"https:\/\/pharmcare.pt\/wordpress\/wp-json\/wp\/v2\/product\/3289\/revisions"}],"predecessor-version":[{"id":3292,"href":"https:\/\/pharmcare.pt\/wordpress\/wp-json\/wp\/v2\/product\/3289\/revisions\/3292"}],"wp:featuredmedia":[{"embeddable":true,"href":"https:\/\/pharmcare.pt\/wordpress\/wp-json\/wp\/v2\/media\/1884"}],"wp:attachment":[{"href":"https:\/\/pharmcare.pt\/wordpress\/wp-json\/wp\/v2\/media?parent=3289"}],"wp:term":[{"taxonomy":"product_brand","embeddable":true,"href":"https:\/\/pharmcare.pt\/wordpress\/wp-json\/wp\/v2\/product_brand?post=3289"},{"taxonomy":"product_cat","embeddable":true,"href":"https:\/\/pharmcare.pt\/wordpress\/wp-json\/wp\/v2\/product_cat?post=3289"},{"taxonomy":"product_tag","embeddable":true,"href":"https:\/\/pharmcare.pt\/wordpress\/wp-json\/wp\/v2\/product_tag?post=3289"}],"curies":[{"name":"wp","href":"https:\/\/api.w.org\/{rel}","templated":true}]}}